{"id":672,"date":"2025-09-06T10:27:08","date_gmt":"2025-09-06T10:27:08","guid":{"rendered":"https:\/\/mediumseagreen-dog-499102.hostingersite.com\/?post_type=product&#038;p=672"},"modified":"2025-09-09T11:24:22","modified_gmt":"2025-09-09T11:24:22","slug":"red-and-blue-armchair","status":"publish","type":"product","link":"https:\/\/maesemesa.com\/es\/producto\/red-and-blue-armchair\/","title":{"rendered":"Red and Blue armchair"},"content":{"rendered":"","protected":false},"excerpt":{"rendered":"<p>Una versi\u00f3n en madera maciza de la m\u00edtica silla roja y azul de Gerrit Rietveld. Una pieza emblem\u00e1tica parar definir cualquier espacio.<\/p>\n<p><strong><small>Hecha por encargo. Plazo de fabricaci\u00f3n actual: 5-10 d\u00edas <\/small><\/strong><\/p>\n<p style=\"margin-bottom: 1px;\"><strong>Dimensiones:\u00a0<\/strong>H84 W660 D70 cm<\/p>\n<p><strong>Materiales: <\/strong>Pino macizo<\/p>","protected":false},"featured_media":684,"template":"","meta":[],"product_brand":[],"product_cat":[15],"product_tag":[],"class_list":{"0":"post-672","1":"product","2":"type-product","3":"status-publish","4":"has-post-thumbnail","6":"product_cat-sin-categorizar","8":"first","9":"instock","10":"purchasable","11":"product-type-simple"},"jetpack_sharing_enabled":true,"_links":{"self":[{"href":"https:\/\/maesemesa.com\/es\/wp-json\/wp\/v2\/product\/672","targetHints":{"allow":["GET"]}}],"collection":[{"href":"https:\/\/maesemesa.com\/es\/wp-json\/wp\/v2\/product"}],"about":[{"href":"https:\/\/maesemesa.com\/es\/wp-json\/wp\/v2\/types\/product"}],"version-history":[{"count":7,"href":"https:\/\/maesemesa.com\/es\/wp-json\/wp\/v2\/product\/672\/revisions"}],"predecessor-version":[{"id":689,"href":"https:\/\/maesemesa.com\/es\/wp-json\/wp\/v2\/product\/672\/revisions\/689"}],"wp:featuredmedia":[{"embeddable":true,"href":"https:\/\/maesemesa.com\/es\/wp-json\/wp\/v2\/media\/684"}],"wp:attachment":[{"href":"https:\/\/maesemesa.com\/es\/wp-json\/wp\/v2\/media?parent=672"}],"wp:term":[{"taxonomy":"product_brand","embeddable":true,"href":"https:\/\/maesemesa.com\/es\/wp-json\/wp\/v2\/product_brand?post=672"},{"taxonomy":"product_cat","embeddable":true,"href":"https:\/\/maesemesa.com\/es\/wp-json\/wp\/v2\/product_cat?post=672"},{"taxonomy":"product_tag","embeddable":true,"href":"https:\/\/maesemesa.com\/es\/wp-json\/wp\/v2\/product_tag?post=672"}],"curies":[{"name":"wp","href":"https:\/\/api.w.org\/{rel}","templated":true}]}}