{"id":568,"date":"2025-08-28T10:09:12","date_gmt":"2025-08-28T10:09:12","guid":{"rendered":"https:\/\/mediumseagreen-dog-499102.hostingersite.com\/?post_type=product&#038;p=568"},"modified":"2025-09-18T08:58:15","modified_gmt":"2025-09-18T08:58:15","slug":"carrasco-chair","status":"publish","type":"product","link":"https:\/\/maesemesa.com\/es\/producto\/carrasco-chair\/","title":{"rendered":"CARRASCO chair"},"content":{"rendered":"","protected":false},"excerpt":{"rendered":"<p>Inspirada en el mobiliario eclesi\u00e1stico, la silla CARRASCO est\u00e1 dise\u00f1ada pensando en su versatilidad. Puede usarse como mesita de noche, mesa auxiliar o silla en cualquier espacio.<\/p>\n<p><strong><small>Hecha por encargo. Plazo de fabricaci\u00f3n actual: 5-10 d\u00edas <\/small><\/strong><\/p>\n<p style=\"margin-bottom: 1px;\"><strong>Dimensiones:\u00a0<\/strong>H50 W40 D40 cm<\/p>\n<p><strong>Materiales: <\/strong>Pino macizo<\/p>","protected":false},"featured_media":595,"template":"","meta":[],"product_brand":[],"product_cat":[15],"product_tag":[],"class_list":{"0":"post-568","1":"product","2":"type-product","3":"status-publish","4":"has-post-thumbnail","6":"product_cat-sin-categorizar","8":"first","9":"instock","10":"purchasable","11":"product-type-simple"},"jetpack_sharing_enabled":true,"_links":{"self":[{"href":"https:\/\/maesemesa.com\/es\/wp-json\/wp\/v2\/product\/568","targetHints":{"allow":["GET"]}}],"collection":[{"href":"https:\/\/maesemesa.com\/es\/wp-json\/wp\/v2\/product"}],"about":[{"href":"https:\/\/maesemesa.com\/es\/wp-json\/wp\/v2\/types\/product"}],"version-history":[{"count":1,"href":"https:\/\/maesemesa.com\/es\/wp-json\/wp\/v2\/product\/568\/revisions"}],"predecessor-version":[{"id":578,"href":"https:\/\/maesemesa.com\/es\/wp-json\/wp\/v2\/product\/568\/revisions\/578"}],"wp:featuredmedia":[{"embeddable":true,"href":"https:\/\/maesemesa.com\/es\/wp-json\/wp\/v2\/media\/595"}],"wp:attachment":[{"href":"https:\/\/maesemesa.com\/es\/wp-json\/wp\/v2\/media?parent=568"}],"wp:term":[{"taxonomy":"product_brand","embeddable":true,"href":"https:\/\/maesemesa.com\/es\/wp-json\/wp\/v2\/product_brand?post=568"},{"taxonomy":"product_cat","embeddable":true,"href":"https:\/\/maesemesa.com\/es\/wp-json\/wp\/v2\/product_cat?post=568"},{"taxonomy":"product_tag","embeddable":true,"href":"https:\/\/maesemesa.com\/es\/wp-json\/wp\/v2\/product_tag?post=568"}],"curies":[{"name":"wp","href":"https:\/\/api.w.org\/{rel}","templated":true}]}}