{"id":91,"date":"2025-08-08T10:39:50","date_gmt":"2025-08-08T10:39:50","guid":{"rendered":"https:\/\/mediumseagreen-dog-499102.hostingersite.com\/?page_id=91"},"modified":"2025-08-28T13:36:57","modified_gmt":"2025-08-28T13:36:57","slug":"about","status":"publish","type":"page","link":"https:\/\/maesemesa.com\/es\/about\/","title":{"rendered":"About"},"content":{"rendered":"<div data-elementor-type=\"wp-page\" data-elementor-id=\"91\" class=\"elementor elementor-91\">\n\t\t\t\t<div class=\"elementor-element elementor-element-50bbc85 e-flex e-con-boxed e-con e-parent\" data-id=\"50bbc85\" data-element_type=\"container\">\n\t\t\t\t\t<div class=\"e-con-inner\">\n\t\t\t\t<div class=\"elementor-element elementor-element-e16bfcc elementor-widget elementor-widget-heading\" data-id=\"e16bfcc\" data-element_type=\"widget\" data-widget_type=\"heading.default\">\n\t\t\t\t\t<h2 class=\"elementor-heading-title elementor-size-default\">About<\/h2>\t\t\t\t<\/div>\n\t\t\t\t<div class=\"elementor-element elementor-element-5a8ca03 elementor-widget elementor-widget-text-editor\" data-id=\"5a8ca03\" data-element_type=\"widget\" data-widget_type=\"text-editor.default\">\n\t\t\t\t\t\t\t\t\t<p>Maese Mesa es un estudio de muebles madrile\u00f1o, nacido de la pasi\u00f3n por la belleza y la artesan\u00eda. Cada pieza que creo, ya sea de colecciones seleccionadas o de encargos personalizados, est\u00e1 hecha a mano de principio a fin. A trav\u00e9s de Maese, me esfuerzo por ofrecer un dise\u00f1o cuidado y una calidad duradera para tu espacio.<\/p>\t\t\t\t\t\t\t\t<\/div>\n\t\t\t\t<div class=\"elementor-element elementor-element-d405d2f elementor-widget elementor-widget-text-editor\" data-id=\"d405d2f\" data-element_type=\"widget\" data-widget_type=\"text-editor.default\">\n\t\t\t\t\t\t\t\t\t<p>Contacto:<\/p>\t\t\t\t\t\t\t\t<\/div>\n\t\t\t\t<div class=\"elementor-element elementor-element-209e0f9 elementor-shape-rounded elementor-grid-0 e-grid-align-center elementor-widget elementor-widget-social-icons\" data-id=\"209e0f9\" data-element_type=\"widget\" data-widget_type=\"social-icons.default\">\n\t\t\t\t\t\t\t<div class=\"elementor-social-icons-wrapper elementor-grid\" role=\"list\">\n\t\t\t\t\t\t\t<span class=\"elementor-grid-item\" role=\"listitem\">\n\t\t\t\t\t<a class=\"elementor-icon elementor-social-icon elementor-social-icon-paper-plane elementor-repeater-item-ac621ec\" href=\"mailto:%20info@mediumseagreen-dog-499102.hostingersite.com\" target=\"_blank\">\n\t\t\t\t\t\t<span class=\"elementor-screen-only\">Paper-plane<\/span>\n\t\t\t\t\t\t<svg aria-hidden=\"true\" class=\"e-font-icon-svg e-fas-paper-plane\" viewbox=\"0 0 512 512\" xmlns=\"http:\/\/www.w3.org\/2000\/svg\"><path d=\"M476 3.2L12.5 270.6c-18.1 10.4-15.8 35.6 2.2 43.2L121 358.4l287.3-253.2c5.5-4.9 13.3 2.6 8.6 8.3L176 407v80.5c0 23.6 28.5 32.9 42.5 15.8L282 426l124.6 52.2c14.2 6 30.4-2.9 33-18.2l72-432C515 7.8 493.3-6.8 476 3.2z\"><\/path><\/svg>\t\t\t\t\t<\/a>\n\t\t\t\t<\/span>\n\t\t\t\t\t\t\t<span class=\"elementor-grid-item\" role=\"listitem\">\n\t\t\t\t\t<a class=\"elementor-icon elementor-social-icon elementor-social-icon-instagram elementor-repeater-item-d80d84c\" href=\"https:\/\/www.instagram.com\/maese.mesa\/\" target=\"_blank\">\n\t\t\t\t\t\t<span class=\"elementor-screen-only\">Instagram<\/span>\n\t\t\t\t\t\t<svg aria-hidden=\"true\" class=\"e-font-icon-svg e-fab-instagram\" viewbox=\"0 0 448 512\" xmlns=\"http:\/\/www.w3.org\/2000\/svg\"><path d=\"M224.1 141c-63.6 0-114.9 51.3-114.9 114.9s51.3 114.9 114.9 114.9S339 319.5 339 255.9 287.7 141 224.1 141zm0 189.6c-41.1 0-74.7-33.5-74.7-74.7s33.5-74.7 74.7-74.7 74.7 33.5 74.7 74.7-33.6 74.7-74.7 74.7zm146.4-194.3c0 14.9-12 26.8-26.8 26.8-14.9 0-26.8-12-26.8-26.8s12-26.8 26.8-26.8 26.8 12 26.8 26.8zm76.1 27.2c-1.7-35.9-9.9-67.7-36.2-93.9-26.2-26.2-58-34.4-93.9-36.2-37-2.1-147.9-2.1-184.9 0-35.8 1.7-67.6 9.9-93.9 36.1s-34.4 58-36.2 93.9c-2.1 37-2.1 147.9 0 184.9 1.7 35.9 9.9 67.7 36.2 93.9s58 34.4 93.9 36.2c37 2.1 147.9 2.1 184.9 0 35.9-1.7 67.7-9.9 93.9-36.2 26.2-26.2 34.4-58 36.2-93.9 2.1-37 2.1-147.8 0-184.8zM398.8 388c-7.8 19.6-22.9 34.7-42.6 42.6-29.5 11.7-99.5 9-132.1 9s-102.7 2.6-132.1-9c-19.6-7.8-34.7-22.9-42.6-42.6-11.7-29.5-9-99.5-9-132.1s-2.6-102.7 9-132.1c7.8-19.6 22.9-34.7 42.6-42.6 29.5-11.7 99.5-9 132.1-9s102.7-2.6 132.1 9c19.6 7.8 34.7 22.9 42.6 42.6 11.7 29.5 9 99.5 9 132.1s2.7 102.7-9 132.1z\"><\/path><\/svg>\t\t\t\t\t<\/a>\n\t\t\t\t<\/span>\n\t\t\t\t\t<\/div>\n\t\t\t\t\t\t<\/div>\n\t\t\t\t\t<\/div>\n\t\t\t\t<\/div>\n\t\t<div class=\"elementor-element elementor-element-6762f05 e-flex e-con-boxed e-con e-parent\" data-id=\"6762f05\" data-element_type=\"container\">\n\t\t\t\t\t<div class=\"e-con-inner\">\n\t\t<div class=\"elementor-element elementor-element-71fd2cf e-con-full e-flex e-con e-child\" data-id=\"71fd2cf\" data-element_type=\"container\">\n\t\t\t\t<div class=\"elementor-element elementor-element-dbc7c9a elementor-widget elementor-widget-image\" data-id=\"dbc7c9a\" data-element_type=\"widget\" data-widget_type=\"image.default\">\n\t\t\t\t\t\t\t\t\t\t\t\t\t\t\t<img fetchpriority=\"high\" decoding=\"async\" width=\"819\" height=\"1024\" src=\"https:\/\/maesemesa.com\/wp-content\/uploads\/2025\/08\/DF07078-819x1024.jpg\" class=\"attachment-large size-large wp-image-602\" alt=\"\" srcset=\"https:\/\/maesemesa.com\/wp-content\/uploads\/2025\/08\/DF07078-819x1024.jpg 819w, https:\/\/maesemesa.com\/wp-content\/uploads\/2025\/08\/DF07078-600x750.jpg 600w, https:\/\/maesemesa.com\/wp-content\/uploads\/2025\/08\/DF07078-240x300.jpg 240w, https:\/\/maesemesa.com\/wp-content\/uploads\/2025\/08\/DF07078-768x960.jpg 768w, https:\/\/maesemesa.com\/wp-content\/uploads\/2025\/08\/DF07078-1229x1536.jpg 1229w, https:\/\/maesemesa.com\/wp-content\/uploads\/2025\/08\/DF07078.jpg 1638w\" sizes=\"(max-width: 819px) 100vw, 819px\" \/>\t\t\t\t\t\t\t\t\t\t\t\t\t\t\t<\/div>\n\t\t\t\t<\/div>\n\t\t<div class=\"elementor-element elementor-element-1e8eb7a e-con-full e-flex e-con e-child\" data-id=\"1e8eb7a\" data-element_type=\"container\">\n\t\t\t\t<div class=\"elementor-element elementor-element-7ad348f elementor-widget elementor-widget-image\" data-id=\"7ad348f\" data-element_type=\"widget\" data-widget_type=\"image.default\">\n\t\t\t\t\t\t\t\t\t\t\t\t\t\t\t<img decoding=\"async\" width=\"819\" height=\"1024\" src=\"https:\/\/maesemesa.com\/wp-content\/uploads\/2025\/08\/DF07059-3-819x1024.jpg\" class=\"attachment-large size-large wp-image-604\" alt=\"\" srcset=\"https:\/\/maesemesa.com\/wp-content\/uploads\/2025\/08\/DF07059-3-819x1024.jpg 819w, https:\/\/maesemesa.com\/wp-content\/uploads\/2025\/08\/DF07059-3-600x750.jpg 600w, https:\/\/maesemesa.com\/wp-content\/uploads\/2025\/08\/DF07059-3-240x300.jpg 240w, https:\/\/maesemesa.com\/wp-content\/uploads\/2025\/08\/DF07059-3-768x960.jpg 768w, https:\/\/maesemesa.com\/wp-content\/uploads\/2025\/08\/DF07059-3-1228x1536.jpg 1228w, https:\/\/maesemesa.com\/wp-content\/uploads\/2025\/08\/DF07059-3.jpg 1310w\" sizes=\"(max-width: 819px) 100vw, 819px\" \/>\t\t\t\t\t\t\t\t\t\t\t\t\t\t\t<\/div>\n\t\t\t\t<\/div>\n\t\t<div class=\"elementor-element elementor-element-174b2f7 e-con-full e-flex e-con e-child\" data-id=\"174b2f7\" data-element_type=\"container\">\n\t\t\t\t<div class=\"elementor-element elementor-element-b390d62 elementor-widget elementor-widget-image\" data-id=\"b390d62\" data-element_type=\"widget\" data-widget_type=\"image.default\">\n\t\t\t\t\t\t\t\t\t\t\t\t\t\t\t<img decoding=\"async\" width=\"819\" height=\"1024\" src=\"https:\/\/maesemesa.com\/wp-content\/uploads\/2025\/08\/DF06637-1-819x1024.jpeg\" class=\"attachment-large size-large wp-image-603\" alt=\"\" srcset=\"https:\/\/maesemesa.com\/wp-content\/uploads\/2025\/08\/DF06637-1-819x1024.jpeg 819w, https:\/\/maesemesa.com\/wp-content\/uploads\/2025\/08\/DF06637-1-scaled-600x750.jpeg 600w, https:\/\/maesemesa.com\/wp-content\/uploads\/2025\/08\/DF06637-1-240x300.jpeg 240w, https:\/\/maesemesa.com\/wp-content\/uploads\/2025\/08\/DF06637-1-768x960.jpeg 768w, https:\/\/maesemesa.com\/wp-content\/uploads\/2025\/08\/DF06637-1-1229x1536.jpeg 1229w, https:\/\/maesemesa.com\/wp-content\/uploads\/2025\/08\/DF06637-1-1638x2048.jpeg 1638w, https:\/\/maesemesa.com\/wp-content\/uploads\/2025\/08\/DF06637-1-scaled.jpeg 2048w\" sizes=\"(max-width: 819px) 100vw, 819px\" \/>\t\t\t\t\t\t\t\t\t\t\t\t\t\t\t<\/div>\n\t\t\t\t<\/div>\n\t\t<div class=\"elementor-element elementor-element-ce63466 e-con-full e-flex e-con e-child\" data-id=\"ce63466\" data-element_type=\"container\">\n\t\t\t\t<div class=\"elementor-element elementor-element-0054773 elementor-widget elementor-widget-image\" data-id=\"0054773\" data-element_type=\"widget\" data-widget_type=\"image.default\">\n\t\t\t\t\t\t\t\t\t\t\t\t\t\t\t<img loading=\"lazy\" decoding=\"async\" width=\"819\" height=\"1024\" src=\"https:\/\/maesemesa.com\/wp-content\/uploads\/2025\/08\/DF07134-1-819x1024.jpg\" class=\"attachment-large size-large wp-image-605\" alt=\"\" srcset=\"https:\/\/maesemesa.com\/wp-content\/uploads\/2025\/08\/DF07134-1-819x1024.jpg 819w, https:\/\/maesemesa.com\/wp-content\/uploads\/2025\/08\/DF07134-1-600x750.jpg 600w, https:\/\/maesemesa.com\/wp-content\/uploads\/2025\/08\/DF07134-1-240x300.jpg 240w, https:\/\/maesemesa.com\/wp-content\/uploads\/2025\/08\/DF07134-1-768x960.jpg 768w, https:\/\/maesemesa.com\/wp-content\/uploads\/2025\/08\/DF07134-1-1229x1536.jpg 1229w, https:\/\/maesemesa.com\/wp-content\/uploads\/2025\/08\/DF07134-1.jpg 1363w\" sizes=\"(max-width: 819px) 100vw, 819px\" \/>\t\t\t\t\t\t\t\t\t\t\t\t\t\t\t<\/div>\n\t\t\t\t<\/div>\n\t\t\t\t\t<\/div>\n\t\t\t\t<\/div>\n\t\t\t\t<\/div>","protected":false},"excerpt":{"rendered":"<p>About Maese Mesa is a Madrid-based furniture studio, born from a passion for beauty and craftsmanship. Every piece I create, whether from curated collections or custom commissions, is handcrafted from start to finish. Through Maese, I strive to bring harmony between form and function, delivering thoughtful design and lasting quality to your space. Get in [&hellip;]<\/p>","protected":false},"author":1,"featured_media":0,"parent":0,"menu_order":0,"comment_status":"closed","ping_status":"closed","template":"elementor_header_footer","meta":{"footnotes":""},"class_list":["post-91","page","type-page","status-publish","hentry"],"blocksy_meta":[],"jetpack_sharing_enabled":true,"_links":{"self":[{"href":"https:\/\/maesemesa.com\/es\/wp-json\/wp\/v2\/pages\/91","targetHints":{"allow":["GET"]}}],"collection":[{"href":"https:\/\/maesemesa.com\/es\/wp-json\/wp\/v2\/pages"}],"about":[{"href":"https:\/\/maesemesa.com\/es\/wp-json\/wp\/v2\/types\/page"}],"author":[{"embeddable":true,"href":"https:\/\/maesemesa.com\/es\/wp-json\/wp\/v2\/users\/1"}],"replies":[{"embeddable":true,"href":"https:\/\/maesemesa.com\/es\/wp-json\/wp\/v2\/comments?post=91"}],"version-history":[{"count":28,"href":"https:\/\/maesemesa.com\/es\/wp-json\/wp\/v2\/pages\/91\/revisions"}],"predecessor-version":[{"id":638,"href":"https:\/\/maesemesa.com\/es\/wp-json\/wp\/v2\/pages\/91\/revisions\/638"}],"wp:attachment":[{"href":"https:\/\/maesemesa.com\/es\/wp-json\/wp\/v2\/media?parent=91"}],"curies":[{"name":"wp","href":"https:\/\/api.w.org\/{rel}","templated":true}]}}