{"id":649,"date":"2025-08-28T14:03:47","date_gmt":"2025-08-28T14:03:47","guid":{"rendered":"https:\/\/mediumseagreen-dog-499102.hostingersite.com\/?page_id=649"},"modified":"2025-08-28T14:05:47","modified_gmt":"2025-08-28T14:05:47","slug":"shipping-and-returns","status":"publish","type":"page","link":"https:\/\/maesemesa.com\/es\/shipping-and-returns\/","title":{"rendered":"Env\u00edos y devoluciones"},"content":{"rendered":"<div data-elementor-type=\"wp-page\" data-elementor-id=\"649\" class=\"elementor elementor-649\">\n\t\t\t\t<div class=\"elementor-element elementor-element-f22b90a e-flex e-con-boxed e-con e-parent\" data-id=\"f22b90a\" data-element_type=\"container\">\n\t\t\t\t\t<div class=\"e-con-inner\">\n\t\t<div class=\"elementor-element elementor-element-6046b87 e-con-full e-flex e-con e-child\" data-id=\"6046b87\" data-element_type=\"container\">\n\t\t\t\t<div class=\"elementor-element elementor-element-fc7ddce elementor-widget elementor-widget-heading\" data-id=\"fc7ddce\" data-element_type=\"widget\" data-widget_type=\"heading.default\">\n\t\t\t\t\t<h2 class=\"elementor-heading-title elementor-size-default\">Env\u00edos y devoluciones<\/h2>\t\t\t\t<\/div>\n\t\t\t\t<\/div>\n\t\t<div class=\"elementor-element elementor-element-198050a e-con-full e-flex e-con e-child\" data-id=\"198050a\" data-element_type=\"container\">\n\t\t\t\t<div class=\"elementor-element elementor-element-4d25243 elementor-widget elementor-widget-text-editor\" data-id=\"4d25243\" data-element_type=\"widget\" data-widget_type=\"text-editor.default\">\n\t\t\t\t\t\t\t\t\t<p><strong>Env\u00edos<\/strong><\/p><ul><li>Ofrecemos env\u00edos dentro de la UE tanto para piezas personalizadas como de colecci\u00f3n.<\/li><li>Los gastos de env\u00edo y los plazos de entrega estimados dependen de la pieza y se proporcionar\u00e1n al confirmar el pedido.<\/li><li>Tenga en cuenta que todas las piezas se fabrican artesanalmente bajo pedido, por lo que los tiempos de producci\u00f3n var\u00edan seg\u00fan la complejidad del proyecto y la disponibilidad de materiales.<\/li><li>Si bien nos esforzamos por cumplir con las fechas de entrega estimadas, los retrasos causados \u200b\u200bpor el transporte o circunstancias imprevistas no son ajenos a nuestro control.<\/li><li>Tras la entrega, inspeccione su pedido inmediatamente. Si observa alg\u00fan da\u00f1o o problema, inf\u00f3rmenoslo en un plazo de 48 horas para recibir asistencia inmediata.<\/li><\/ul><p><strong>Devoluciones y cancelaciones<\/strong><\/p><ul><li>Debido a que nuestros muebles son personalizados, todas las ventas son definitivas.<\/li><li>Las cancelaciones solo se aceptan antes del inicio de la producci\u00f3n y deben presentarse por escrito.<\/li><li>Si su pedido llega da\u00f1ado o defectuoso, cont\u00e1ctenos de inmediato. Trabajaremos con usted para encontrar una soluci\u00f3n adecuada, que puede incluir reparaci\u00f3n, reemplazo u otras opciones seg\u00fan la situaci\u00f3n.<\/li><\/ul><p><strong>Contacto<\/strong><\/p><ul><li>Si tiene preguntas o inquietudes sobre env\u00edos o devoluciones, cont\u00e1ctenos en info@maesemesa.com <a href=\"mailto:info@maesemesa.com\">info@maesemesa.com<\/a><\/li><\/ul>\t\t\t\t\t\t\t\t<\/div>\n\t\t\t\t<\/div>\n\t\t\t\t\t<\/div>\n\t\t\t\t<\/div>\n\t\t\t\t<\/div>","protected":false},"excerpt":{"rendered":"<p>Shipping and returns Shipping We offer shipping within the EU for both custom and collection pieces. Shipping costs and estimated delivery times are dependent on the piece and will be provided at the time of order confirmation. Please note that all pieces are handcrafted and made-to-order, so production times vary depending on the complexity of [&hellip;]<\/p>","protected":false},"author":1,"featured_media":0,"parent":0,"menu_order":0,"comment_status":"closed","ping_status":"closed","template":"elementor_header_footer","meta":{"footnotes":""},"class_list":["post-649","page","type-page","status-publish","hentry"],"blocksy_meta":[],"jetpack_sharing_enabled":true,"_links":{"self":[{"href":"https:\/\/maesemesa.com\/es\/wp-json\/wp\/v2\/pages\/649","targetHints":{"allow":["GET"]}}],"collection":[{"href":"https:\/\/maesemesa.com\/es\/wp-json\/wp\/v2\/pages"}],"about":[{"href":"https:\/\/maesemesa.com\/es\/wp-json\/wp\/v2\/types\/page"}],"author":[{"embeddable":true,"href":"https:\/\/maesemesa.com\/es\/wp-json\/wp\/v2\/users\/1"}],"replies":[{"embeddable":true,"href":"https:\/\/maesemesa.com\/es\/wp-json\/wp\/v2\/comments?post=649"}],"version-history":[{"count":4,"href":"https:\/\/maesemesa.com\/es\/wp-json\/wp\/v2\/pages\/649\/revisions"}],"predecessor-version":[{"id":653,"href":"https:\/\/maesemesa.com\/es\/wp-json\/wp\/v2\/pages\/649\/revisions\/653"}],"wp:attachment":[{"href":"https:\/\/maesemesa.com\/es\/wp-json\/wp\/v2\/media?parent=649"}],"curies":[{"name":"wp","href":"https:\/\/api.w.org\/{rel}","templated":true}]}}