{"id":379,"date":"2025-08-13T16:33:42","date_gmt":"2025-08-13T16:33:42","guid":{"rendered":"https:\/\/mediumseagreen-dog-499102.hostingersite.com\/?page_id=379"},"modified":"2025-09-17T13:42:30","modified_gmt":"2025-09-17T13:42:30","slug":"shop","status":"publish","type":"page","link":"https:\/\/maesemesa.com\/es\/shop\/","title":{"rendered":"shop"},"content":{"rendered":"<div data-elementor-type=\"wp-post\" data-elementor-id=\"379\" class=\"elementor elementor-379\">\n\t\t\t\t<div class=\"elementor-element elementor-element-31ec9ee e-flex e-con-boxed e-con e-parent\" data-id=\"31ec9ee\" data-element_type=\"container\">\n\t\t\t\t\t<div class=\"e-con-inner\">\n\t\t\t\t<div class=\"elementor-element elementor-element-d5ab5a1 premium-woo-product-align-center premium-qv-hidden-yes elementor-widget elementor-widget-premium-woo-products\" data-id=\"d5ab5a1\" data-element_type=\"widget\" data-widget_type=\"premium-woo-products.grid-1\">\n\t\t\t\t<div class=\"elementor-widget-container\">\n\t\t\t\t\t<div class=\"premium-woocommerce premium-woo-products-grid premium-woo-skin-grid-1 premium-woo-query-all\" data-page-id=\"379\" data-skin=\"grid_1\" data-quick-view=\"\"><div class=\"premium-woo-products-inner premium-woo-product__hover-swap\"><ul class=\"products columns-3\" data-products=\"type-1\">\n\n<li class=\"post-748 product first instock taxable shipping-taxable product-type-grouped\">\n\t<div class=\"premium-woo-product-wrapper premium-con-lq__none\">\n\t\t<div class=\"premium-woo-product-thumbnail\"><a href=\"https:\/\/maesemesa.com\/es\/producto\/wavy-stool\/\" class=\"woocommerce-LoopProduct-link woocommerce-loop-product__link\"><img decoding=\"async\" src=\"https:\/\/maesemesa.com\/wp-content\/uploads\/2025\/09\/DF07331.jpg\" alt=\"\"><img fetchpriority=\"high\" decoding=\"async\" width=\"1638\" height=\"2048\" src=\"https:\/\/maesemesa.com\/wp-content\/uploads\/2025\/09\/DF07325.jpg\" class=\"premium-woo-product__on_hover\" alt=\"\" \/><\/a><\/div><div class=\"premium-woo-products-details-wrap\"><a href=\"https:\/\/maesemesa.com\/es\/producto\/wavy-stool\/\" class=\"premium-woo-product__link\"><h2 class=\"woocommerce-loop-product__title\">wavy stool<\/h2><\/a>\n\t<span class=\"price\"><span class=\"woocommerce-Price-amount amount\"><bdi>60,00&nbsp;<span class=\"woocommerce-Price-currencySymbol\">&euro;<\/span><\/bdi><\/span><\/span>\n<div class=\"premium-woo-atc-button\" ><a href=\"https:\/\/maesemesa.com\/es\/producto\/wavy-stool\/\" aria-describedby=\"woocommerce_loop_add_to_cart_link_describedby_748\" data-quantity=\"1\" class=\"button product_type_grouped\" data-product_id=\"748\" data-product_sku=\"\" aria-label=\"Ver productos en el grupo \u201cwavy stool\u201d\" rel=\"nofollow\" data-no-translation=\"\" data-trp-gettext=\"\" data-no-translation-aria-label=\"\">Ver productos<\/a>\t<span id=\"woocommerce_loop_add_to_cart_link_describedby_748\" class=\"screen-reader-text\">\n\t\t\t<\/span>\n<\/div><\/div>\t<\/div>\n<\/li>\n\n<li class=\"post-139 product  instock purchasable product-type-simple\">\n\t<div class=\"premium-woo-product-wrapper premium-con-lq__none\">\n\t\t<div class=\"premium-woo-product-thumbnail\"><a href=\"https:\/\/maesemesa.com\/es\/producto\/hamete-chair\/\" class=\"woocommerce-LoopProduct-link woocommerce-loop-product__link\"><img decoding=\"async\" src=\"https:\/\/maesemesa.com\/wp-content\/uploads\/2025\/08\/DF06580-3.jpg\" alt=\"\"><img decoding=\"async\" width=\"1326\" height=\"1734\" src=\"https:\/\/maesemesa.com\/wp-content\/uploads\/2025\/08\/DF07059-2.jpg\" class=\"premium-woo-product__on_hover\" alt=\"\" \/><\/a><\/div><div class=\"premium-woo-products-details-wrap\"><a href=\"https:\/\/maesemesa.com\/es\/producto\/hamete-chair\/\" class=\"premium-woo-product__link\"><h2 class=\"woocommerce-loop-product__title\">HAMETE chair<\/h2><\/a>\n\t<span class=\"price\"><span class=\"woocommerce-Price-amount amount\"><bdi>200,00&nbsp;<span class=\"woocommerce-Price-currencySymbol\">&euro;<\/span><\/bdi><\/span><\/span>\n<div class=\"premium-woo-atc-button\" ><a href=\"\/es\/wp-json\/wp\/v2\/pages\/379?add-to-cart=139\" aria-describedby=\"woocommerce_loop_add_to_cart_link_describedby_139\" data-quantity=\"1\" class=\"button product_type_simple add_to_cart_button ajax_add_to_cart\" data-product_id=\"139\" data-product_sku=\"\" aria-label=\"A\u00f1adir al carrito: \u201cHAMETE chair\u201d\" rel=\"nofollow\" data-success_message=\"\u00abHAMETE chair\u00bb se ha a\u00f1adido a tu carrito\" role=\"button\" data-no-translation=\"\" data-trp-gettext=\"\" data-no-translation-aria-label=\"\" data-no-translation-data-success_message=\"\">A\u00f1adir al carrito<\/a>\t<span id=\"woocommerce_loop_add_to_cart_link_describedby_139\" class=\"screen-reader-text\">\n\t\t\t<\/span>\n<\/div><\/div>\t<\/div>\n<\/li>\n\n<li class=\"post-672 product last instock purchasable product-type-simple\">\n\t<div class=\"premium-woo-product-wrapper premium-con-lq__none\">\n\t\t<div class=\"premium-woo-product-thumbnail\"><a href=\"https:\/\/maesemesa.com\/es\/producto\/red-and-blue-armchair\/\" class=\"woocommerce-LoopProduct-link woocommerce-loop-product__link\"><img decoding=\"async\" src=\"https:\/\/maesemesa.com\/wp-content\/uploads\/2025\/09\/DF07033.jpg\" alt=\"\"><img decoding=\"async\" width=\"1363\" height=\"1704\" src=\"https:\/\/maesemesa.com\/wp-content\/uploads\/2025\/09\/DF07026.jpg\" class=\"premium-woo-product__on_hover\" alt=\"\" \/><\/a><\/div><div class=\"premium-woo-products-details-wrap\"><a href=\"https:\/\/maesemesa.com\/es\/producto\/red-and-blue-armchair\/\" class=\"premium-woo-product__link\"><h2 class=\"woocommerce-loop-product__title\">Red and Blue armchair<\/h2><\/a>\n\t<span class=\"price\"><span class=\"woocommerce-Price-amount amount\"><bdi>280,00&nbsp;<span class=\"woocommerce-Price-currencySymbol\">&euro;<\/span><\/bdi><\/span><\/span>\n<div class=\"premium-woo-atc-button\" ><a href=\"\/es\/wp-json\/wp\/v2\/pages\/379?add-to-cart=672\" aria-describedby=\"woocommerce_loop_add_to_cart_link_describedby_672\" data-quantity=\"1\" class=\"button product_type_simple add_to_cart_button ajax_add_to_cart\" data-product_id=\"672\" data-product_sku=\"\" aria-label=\"A\u00f1adir al carrito: \u201cRed and Blue armchair\u201d\" rel=\"nofollow\" data-success_message=\"\u00abRed and Blue armchair\u00bb se ha a\u00f1adido a tu carrito\" role=\"button\" data-no-translation=\"\" data-trp-gettext=\"\" data-no-translation-aria-label=\"\" data-no-translation-data-success_message=\"\">A\u00f1adir al carrito<\/a>\t<span id=\"woocommerce_loop_add_to_cart_link_describedby_672\" class=\"screen-reader-text\">\n\t\t\t<\/span>\n<\/div><\/div>\t<\/div>\n<\/li>\n\n<li class=\"post-584 product first instock purchasable product-type-simple\">\n\t<div class=\"premium-woo-product-wrapper premium-con-lq__none\">\n\t\t<div class=\"premium-woo-product-thumbnail\"><a href=\"https:\/\/maesemesa.com\/es\/producto\/ricote-candle-holder\/\" class=\"woocommerce-LoopProduct-link woocommerce-loop-product__link\"><img decoding=\"async\" src=\"https:\/\/maesemesa.com\/wp-content\/uploads\/2025\/08\/DF07144-1.jpg\" alt=\"\"><img loading=\"lazy\" decoding=\"async\" width=\"1638\" height=\"2048\" src=\"https:\/\/maesemesa.com\/wp-content\/uploads\/2025\/08\/DF07150.jpg\" class=\"premium-woo-product__on_hover\" alt=\"\" \/><\/a><\/div><div class=\"premium-woo-products-details-wrap\"><a href=\"https:\/\/maesemesa.com\/es\/producto\/ricote-candle-holder\/\" class=\"premium-woo-product__link\"><h2 class=\"woocommerce-loop-product__title\">RICOTE candle holder<\/h2><\/a>\n\t<span class=\"price\"><span class=\"woocommerce-Price-amount amount\"><bdi>40,00&nbsp;<span class=\"woocommerce-Price-currencySymbol\">&euro;<\/span><\/bdi><\/span><\/span>\n<div class=\"premium-woo-atc-button\" ><a href=\"\/es\/wp-json\/wp\/v2\/pages\/379?add-to-cart=584\" aria-describedby=\"woocommerce_loop_add_to_cart_link_describedby_584\" data-quantity=\"1\" class=\"button product_type_simple add_to_cart_button ajax_add_to_cart\" data-product_id=\"584\" data-product_sku=\"\" aria-label=\"A\u00f1adir al carrito: \u201cRICOTE candle holder\u201d\" rel=\"nofollow\" data-success_message=\"\u00abRICOTE candle holder\u00bb se ha a\u00f1adido a tu carrito\" role=\"button\" data-no-translation=\"\" data-trp-gettext=\"\" data-no-translation-aria-label=\"\" data-no-translation-data-success_message=\"\">A\u00f1adir al carrito<\/a>\t<span id=\"woocommerce_loop_add_to_cart_link_describedby_584\" class=\"screen-reader-text\">\n\t\t\t<\/span>\n<\/div><\/div>\t<\/div>\n<\/li>\n\n<li class=\"post-568 product  instock purchasable product-type-simple\">\n\t<div class=\"premium-woo-product-wrapper premium-con-lq__none\">\n\t\t<div class=\"premium-woo-product-thumbnail\"><a href=\"https:\/\/maesemesa.com\/es\/producto\/carrasco-chair\/\" class=\"woocommerce-LoopProduct-link woocommerce-loop-product__link\"><img decoding=\"async\" src=\"https:\/\/maesemesa.com\/wp-content\/uploads\/2025\/08\/DF07023-2.jpg\" alt=\"\"><img loading=\"lazy\" decoding=\"async\" width=\"1638\" height=\"2048\" src=\"https:\/\/maesemesa.com\/wp-content\/uploads\/2025\/08\/DF07103.jpg\" class=\"premium-woo-product__on_hover\" alt=\"\" \/><\/a><\/div><div class=\"premium-woo-products-details-wrap\"><a href=\"https:\/\/maesemesa.com\/es\/producto\/carrasco-chair\/\" class=\"premium-woo-product__link\"><h2 class=\"woocommerce-loop-product__title\">CARRASCO chair<\/h2><\/a>\n\t<span class=\"price\"><span class=\"woocommerce-Price-amount amount\"><bdi>160,00&nbsp;<span class=\"woocommerce-Price-currencySymbol\">&euro;<\/span><\/bdi><\/span><\/span>\n<div class=\"premium-woo-atc-button\" ><a href=\"\/es\/wp-json\/wp\/v2\/pages\/379?add-to-cart=568\" aria-describedby=\"woocommerce_loop_add_to_cart_link_describedby_568\" data-quantity=\"1\" class=\"button product_type_simple add_to_cart_button ajax_add_to_cart\" data-product_id=\"568\" data-product_sku=\"\" aria-label=\"A\u00f1adir al carrito: \u201cCARRASCO chair\u201d\" rel=\"nofollow\" data-success_message=\"\u00abCARRASCO chair\u00bb se ha a\u00f1adido a tu carrito\" role=\"button\" data-no-translation=\"\" data-trp-gettext=\"\" data-no-translation-aria-label=\"\" data-no-translation-data-success_message=\"\">A\u00f1adir al carrito<\/a>\t<span id=\"woocommerce_loop_add_to_cart_link_describedby_568\" class=\"screen-reader-text\">\n\t\t\t<\/span>\n<\/div><\/div>\t<\/div>\n<\/li>\n\n<li class=\"post-507 product last instock purchasable product-type-simple\">\n\t<div class=\"premium-woo-product-wrapper premium-con-lq__none\">\n\t\t<div class=\"premium-woo-product-thumbnail\"><a href=\"https:\/\/maesemesa.com\/es\/producto\/corredor\/\" class=\"woocommerce-LoopProduct-link woocommerce-loop-product__link\"><img decoding=\"async\" src=\"https:\/\/maesemesa.com\/wp-content\/uploads\/2025\/08\/DF06610-1-2-scaled.jpg\" alt=\"\"><img loading=\"lazy\" decoding=\"async\" width=\"2048\" height=\"2560\" src=\"https:\/\/maesemesa.com\/wp-content\/uploads\/2025\/08\/DF06612-2-scaled.jpg\" class=\"premium-woo-product__on_hover\" alt=\"\" \/><\/a><\/div><div class=\"premium-woo-products-details-wrap\"><a href=\"https:\/\/maesemesa.com\/es\/producto\/corredor\/\" class=\"premium-woo-product__link\"><h2 class=\"woocommerce-loop-product__title\">CORREDOR side table<\/h2><\/a>\n\t<span class=\"price\"><span class=\"woocommerce-Price-amount amount\"><bdi>120,00&nbsp;<span class=\"woocommerce-Price-currencySymbol\">&euro;<\/span><\/bdi><\/span><\/span>\n<div class=\"premium-woo-atc-button\" ><a href=\"\/es\/wp-json\/wp\/v2\/pages\/379?add-to-cart=507\" aria-describedby=\"woocommerce_loop_add_to_cart_link_describedby_507\" data-quantity=\"1\" class=\"button product_type_simple add_to_cart_button ajax_add_to_cart\" data-product_id=\"507\" data-product_sku=\"\" aria-label=\"A\u00f1adir al carrito: \u201cCORREDOR side table\u201d\" rel=\"nofollow\" data-success_message=\"\u00abCORREDOR side table\u00bb se ha a\u00f1adido a tu carrito\" role=\"button\" data-no-translation=\"\" data-trp-gettext=\"\" data-no-translation-aria-label=\"\" data-no-translation-data-success_message=\"\">A\u00f1adir al carrito<\/a>\t<span id=\"woocommerce_loop_add_to_cart_link_describedby_507\" class=\"screen-reader-text\">\n\t\t\t<\/span>\n<\/div><\/div>\t<\/div>\n<\/li>\n<\/ul>\n<\/div><\/div>\t\t\t\t<\/div>\n\t\t\t\t<\/div>\n\t\t\t\t\t<\/div>\n\t\t\t\t<\/div>\n\t\t<div class=\"elementor-element elementor-element-5f85cd0 e-flex e-con-boxed e-con e-parent\" data-id=\"5f85cd0\" data-element_type=\"container\">\n\t\t\t\t\t<div class=\"e-con-inner\">\n\t\t\t\t<div class=\"elementor-element elementor-element-a3ca07e elementor-align-center elementor-widget elementor-widget-button\" data-id=\"a3ca07e\" data-element_type=\"widget\" data-widget_type=\"button.default\">\n\t\t\t\t\t\t\t\t\t\t<a class=\"elementor-button elementor-button-link elementor-size-sm\" href=\"https:\/\/mediumseagreen-dog-499102.hostingersite.com\/shop-2\/\">\n\t\t\t\t\t\t<span class=\"elementor-button-content-wrapper\">\n\t\t\t\t\t\t\t\t\t<span class=\"elementor-button-text\">m\u00e1s<\/span>\n\t\t\t\t\t<\/span>\n\t\t\t\t\t<\/a>\n\t\t\t\t\t\t\t\t<\/div>\n\t\t\t\t\t<\/div>\n\t\t\t\t<\/div>\n\t\t<div class=\"elementor-element elementor-element-9c981d7 e-flex e-con-boxed e-con e-parent\" data-id=\"9c981d7\" data-element_type=\"container\">\n\t\t\t\t\t<div class=\"e-con-inner\">\n\t\t<div class=\"elementor-element elementor-element-6815734 e-con-full e-flex e-con e-child\" data-id=\"6815734\" data-element_type=\"container\">\n\t\t\t\t<div class=\"elementor-element elementor-element-2b1c382 elementor-widget elementor-widget-heading\" data-id=\"2b1c382\" data-element_type=\"widget\" data-widget_type=\"heading.default\">\n\t\t\t\t\t<h2 class=\"elementor-heading-title elementor-size-default\">Encargos<\/h2>\t\t\t\t<\/div>\n\t\t\t\t<\/div>\n\t\t<div class=\"elementor-element elementor-element-0c6f14f e-con-full e-flex e-con e-child\" data-id=\"0c6f14f\" data-element_type=\"container\">\n\t\t\t\t<div class=\"elementor-element elementor-element-6b6775b elementor-widget elementor-widget-text-editor\" data-id=\"6b6775b\" data-element_type=\"widget\" data-widget_type=\"text-editor.default\">\n\t\t\t\t\t\t\t\t\t<p class=\"sqsrte-large preFade fadeIn\">Para aquellos que buscan piezas verdaderamente \u00fanicas, consulte a continuaci\u00f3n y comparta los detalles de su proyecto.\u00a0<\/p><p class=\"sqsrte-large preFade fadeIn\">Cada encargo personalizado es una creaci\u00f3n \u00fanica, con un precio que depende de la complejidad del dise\u00f1o y los materiales utilizados. Tambi\u00e9n ofrecemos servicios de fabricaci\u00f3n para darle vida a su dise\u00f1o.<\/p>\t\t\t\t\t\t\t\t<\/div>\n\t\t\t\t<div class=\"elementor-element elementor-element-40c1304 elementor-align-left elementor-mobile-align-center elementor-widget elementor-widget-button\" data-id=\"40c1304\" data-element_type=\"widget\" data-widget_type=\"button.default\">\n\t\t\t\t\t\t\t\t\t\t<a class=\"elementor-button elementor-button-link elementor-size-sm\" href=\"http:\/\/mediumseagreen-dog-499102.hostingersite.com\/custom\">\n\t\t\t\t\t\t<span class=\"elementor-button-content-wrapper\">\n\t\t\t\t\t\t\t\t\t<span class=\"elementor-button-text\">Encargos<\/span>\n\t\t\t\t\t<\/span>\n\t\t\t\t\t<\/a>\n\t\t\t\t\t\t\t\t<\/div>\n\t\t\t\t<\/div>\n\t\t\t\t\t<\/div>\n\t\t\t\t<\/div>\n\t\t\t\t<\/div>","protected":false},"excerpt":{"rendered":"<p>CARRASCO chair 180,00&nbsp;&euro; Add to cart HAMETE chair 260,00&nbsp;&euro; Add to cart Red and Blue armchair 280,00&nbsp;&euro; Add to cart RICOTE candle holder 40,00&nbsp;&euro; Add to cart CORREDOR side table 120,00&nbsp;&euro; Add to cart PERO key\/candle holder 35,00&nbsp;&euro; Add to cart more Custom For those who seek truly one-of-a-kind pieces, please inquire below and share [&hellip;]<\/p>","protected":false},"author":1,"featured_media":0,"parent":0,"menu_order":0,"comment_status":"closed","ping_status":"closed","template":"elementor_header_footer","meta":{"footnotes":""},"class_list":["post-379","page","type-page","status-publish","hentry"],"blocksy_meta":[],"jetpack_sharing_enabled":true,"_links":{"self":[{"href":"https:\/\/maesemesa.com\/es\/wp-json\/wp\/v2\/pages\/379","targetHints":{"allow":["GET"]}}],"collection":[{"href":"https:\/\/maesemesa.com\/es\/wp-json\/wp\/v2\/pages"}],"about":[{"href":"https:\/\/maesemesa.com\/es\/wp-json\/wp\/v2\/types\/page"}],"author":[{"embeddable":true,"href":"https:\/\/maesemesa.com\/es\/wp-json\/wp\/v2\/users\/1"}],"replies":[{"embeddable":true,"href":"https:\/\/maesemesa.com\/es\/wp-json\/wp\/v2\/comments?post=379"}],"version-history":[{"count":47,"href":"https:\/\/maesemesa.com\/es\/wp-json\/wp\/v2\/pages\/379\/revisions"}],"predecessor-version":[{"id":734,"href":"https:\/\/maesemesa.com\/es\/wp-json\/wp\/v2\/pages\/379\/revisions\/734"}],"wp:attachment":[{"href":"https:\/\/maesemesa.com\/es\/wp-json\/wp\/v2\/media?parent=379"}],"curies":[{"name":"wp","href":"https:\/\/api.w.org\/{rel}","templated":true}]}}