{"id":173,"date":"2025-08-09T15:26:15","date_gmt":"2025-08-09T15:26:15","guid":{"rendered":"https:\/\/mediumseagreen-dog-499102.hostingersite.com\/?page_id=173"},"modified":"2025-08-28T13:34:56","modified_gmt":"2025-08-28T13:34:56","slug":"custom","status":"publish","type":"page","link":"https:\/\/maesemesa.com\/es\/custom\/","title":{"rendered":"Encargos"},"content":{"rendered":"<div data-elementor-type=\"wp-post\" data-elementor-id=\"173\" class=\"elementor elementor-173\">\n\t\t\t\t<div class=\"elementor-element elementor-element-f547679 e-flex e-con-boxed e-con e-parent\" data-id=\"f547679\" data-element_type=\"container\">\n\t\t\t\t\t<div class=\"e-con-inner\">\n\t\t<div class=\"elementor-element elementor-element-8d75583 e-con-full e-flex e-con e-child\" data-id=\"8d75583\" data-element_type=\"container\">\n\t\t\t\t<div class=\"elementor-element elementor-element-747b6e8 elementor-widget elementor-widget-heading\" data-id=\"747b6e8\" data-element_type=\"widget\" data-widget_type=\"heading.default\">\n\t\t\t\t\t<h2 class=\"elementor-heading-title elementor-size-default\">Encargos<\/h2>\t\t\t\t<\/div>\n\t\t\t\t<\/div>\n\t\t<div class=\"elementor-element elementor-element-1b77beb e-con-full e-flex e-con e-child\" data-id=\"1b77beb\" data-element_type=\"container\">\n\t\t\t\t<div class=\"elementor-element elementor-element-ae8b76f elementor-widget elementor-widget-text-editor\" data-id=\"ae8b76f\" data-element_type=\"widget\" data-widget_type=\"text-editor.default\">\n\t\t\t\t\t\t\t\t\t<p class=\"sqsrte-large preFade fadeIn\" style=\"font-style: normal; font-variant-caps: normal; white-space: pre-wrap; margin-bottom: 1rem; line-height: var(--body-font-line-height); font-size: calc(var(--large-text-size-value) * 1rem); color: #392c33; transition-property: opacity; overflow-wrap: break-word; caret-color: #392c33; font-family: ballinger-mono; letter-spacing: -0.224px; transition-timing-function: ease; transition-duration: 0.9s; transition-delay: 0.103448s; opacity: 1 !important;\">Si busca piezas verdaderamente \u00fanicas, por favor, pregunte a continuaci\u00f3n y comparta los detalles de su proyecto. Le responder\u00e9 en 1 o 2 d\u00edas h\u00e1biles.<\/p><p class=\"sqsrte-large preFade fadeIn\" style=\"font-style: normal; font-variant-caps: normal; white-space: pre-wrap; margin-top: 1rem; line-height: var(--body-font-line-height); font-size: calc(var(--large-text-size-value) * 1rem); color: #392c33; transition-property: opacity; overflow-wrap: break-word; caret-color: #392c33; font-family: ballinger-mono; letter-spacing: -0.224px; transition-timing-function: ease; transition-duration: 0.9s; transition-delay: 0.110345s; opacity: 1 !important;\">Cada encargo personalizado es una creaci\u00f3n \u00fanica, con un precio que depende de la complejidad del dise\u00f1o y los materiales utilizados. Tambi\u00e9n ofrecemos servicios de fabricaci\u00f3n para darle vida a su dise\u00f1o.<\/p>\t\t\t\t\t\t\t\t<\/div>\n\t\t\t\t<div class=\"elementor-element elementor-element-f059d48 elementor-align-left elementor-widget__width-inherit elementor-mobile-align-center elementor-widget elementor-widget-button\" data-id=\"f059d48\" data-element_type=\"widget\" data-widget_type=\"button.default\">\n\t\t\t\t\t\t\t\t\t\t<a class=\"elementor-button elementor-button-link elementor-size-sm\" href=\"http:\/\/mediumseagreen-dog-499102.hostingersite.com\/project-inquiry\">\n\t\t\t\t\t\t<span class=\"elementor-button-content-wrapper\">\n\t\t\t\t\t\t\t\t\t<span class=\"elementor-button-text\">Solicitud<\/span>\n\t\t\t\t\t<\/span>\n\t\t\t\t\t<\/a>\n\t\t\t\t\t\t\t\t<\/div>\n\t\t\t\t<\/div>\n\t\t\t\t\t<\/div>\n\t\t\t\t<\/div>\n\t\t\t\t<\/div>","protected":false},"excerpt":{"rendered":"<p>Custom For those who seek truly one-of-a-kind pieces, please inquire below and share the details of your desired project. I\u2019ll respond within 1\u20132 business days. Each custom commission is a unique creation, with pricing based on the complexity of the design and materials used. Fabrication services are also available to bring your design to life. [&hellip;]<\/p>","protected":false},"author":1,"featured_media":0,"parent":0,"menu_order":0,"comment_status":"closed","ping_status":"closed","template":"elementor_header_footer","meta":{"footnotes":""},"class_list":["post-173","page","type-page","status-publish","hentry"],"blocksy_meta":[],"jetpack_sharing_enabled":true,"_links":{"self":[{"href":"https:\/\/maesemesa.com\/es\/wp-json\/wp\/v2\/pages\/173","targetHints":{"allow":["GET"]}}],"collection":[{"href":"https:\/\/maesemesa.com\/es\/wp-json\/wp\/v2\/pages"}],"about":[{"href":"https:\/\/maesemesa.com\/es\/wp-json\/wp\/v2\/types\/page"}],"author":[{"embeddable":true,"href":"https:\/\/maesemesa.com\/es\/wp-json\/wp\/v2\/users\/1"}],"replies":[{"embeddable":true,"href":"https:\/\/maesemesa.com\/es\/wp-json\/wp\/v2\/comments?post=173"}],"version-history":[{"count":66,"href":"https:\/\/maesemesa.com\/es\/wp-json\/wp\/v2\/pages\/173\/revisions"}],"predecessor-version":[{"id":629,"href":"https:\/\/maesemesa.com\/es\/wp-json\/wp\/v2\/pages\/173\/revisions\/629"}],"wp:attachment":[{"href":"https:\/\/maesemesa.com\/es\/wp-json\/wp\/v2\/media?parent=173"}],"curies":[{"name":"wp","href":"https:\/\/api.w.org\/{rel}","templated":true}]}}